{"id":1029,"date":"2023-10-09T11:13:18","date_gmt":"2023-10-09T15:05:04","guid":{"rendered":"http:\/\/vila.kine.pt\/?post_type=product&#038;p=1029"},"modified":"2023-10-09T15:05:04","modified_gmt":"2023-10-09T15:05:04","slug":"levity-douro-red","status":"publish","type":"product","link":"https:\/\/casadevilanova.com\/en\/wines\/levity-en\/levity-douro-red\/","title":{"rendered":"Levity Douro Red"},"content":{"rendered":"","protected":false},"excerpt":{"rendered":"<h4>Classifica\u00e7\u00e3o<\/h4>\n<p>Douro DOC<\/p>\n<h4>Castas<\/h4>\n<p>Touriga Nacional, Tinta Roriz e Touriga Franca<\/p>\n<h4>\u00c1lcool<\/h4>\n<p>12,5%<\/p>\n<h4>Notas de prova<\/h4>\n<p>Cor rosada. Apresenta aroma de frutos vermelhos. Na boca \u00e9 jovem, fresco, equilibrado e persistente.<\/p>\n<h4>Temperatura de servi\u00e7o<\/h4>\n<p>14\u00baC-16\u00baC<\/p>\n<h4>Gastronomia<\/h4>\n<p>FALTA<\/p>\n","protected":false},"featured_media":954,"comment_status":"open","ping_status":"closed","template":"","meta":[],"product_cat":[47],"product_tag":[],"acf":[],"yoast_head":"<!-- This site is optimized with the Yoast SEO plugin v21.6 - https:\/\/yoast.com\/wordpress\/plugins\/seo\/ -->\n<title>Levity Douro Red - Casa de Vila Nova - Vinhos Verdes - Desde 1688<\/title>\n<meta name=\"robots\" content=\"noindex, follow, max-snippet:-1, max-image-preview:large, max-video-preview:-1\" \/>\n<meta property=\"og:locale\" content=\"en_US\" \/>\n<meta property=\"og:type\" content=\"article\" \/>\n<meta property=\"og:title\" content=\"Levity Douro Red - Casa de Vila Nova - Vinhos Verdes - Desde 1688\" \/>\n<meta property=\"og:description\" content=\"Classifica\u00e7\u00e3o Douro DOC Castas Touriga Nacional, Tinta Roriz e Touriga Franca \u00c1lcool 12,5% Notas de prova Cor rosada. Apresenta aroma de frutos vermelhos. Na boca \u00e9 jovem, fresco, equilibrado e persistente. Temperatura de servi\u00e7o 14\u00baC-16\u00baC Gastronomia FALTA\" \/>\n<meta property=\"og:url\" content=\"https:\/\/casadevilanova.com\/en\/wines\/levity-en\/levity-douro-red\/\" \/>\n<meta property=\"og:site_name\" content=\"Casa de Vila Nova - Vinhos Verdes - Desde 1688\" \/>\n<meta property=\"article:publisher\" content=\"https:\/\/www.facebook.com\/vilanovawines\" \/>\n<meta property=\"og:image\" content=\"https:\/\/casadevilanova.com\/wp-content\/uploads\/2023\/10\/levity-tinto.webp\" \/>\n\t<meta property=\"og:image:width\" content=\"1200\" \/>\n\t<meta property=\"og:image:height\" content=\"1200\" \/>\n\t<meta property=\"og:image:type\" content=\"image\/webp\" \/>\n<meta name=\"twitter:card\" content=\"summary_large_image\" \/>\n<script type=\"application\/ld+json\" class=\"yoast-schema-graph\">{\"@context\":\"https:\/\/schema.org\",\"@graph\":[{\"@type\":\"WebPage\",\"@id\":\"https:\/\/casadevilanova.com\/en\/wines\/levity-en\/levity-douro-red\/\",\"url\":\"https:\/\/casadevilanova.com\/en\/wines\/levity-en\/levity-douro-red\/\",\"name\":\"Levity Douro Red - Casa de Vila Nova - Vinhos Verdes - Desde 1688\",\"isPartOf\":{\"@id\":\"https:\/\/casadevilanova.com\/en\/#website\"},\"datePublished\":\"2023-10-09T15:05:04+00:00\",\"dateModified\":\"2023-10-09T15:05:04+00:00\",\"breadcrumb\":{\"@id\":\"https:\/\/casadevilanova.com\/en\/wines\/levity-en\/levity-douro-red\/#breadcrumb\"},\"inLanguage\":\"en-US\",\"potentialAction\":[{\"@type\":\"ReadAction\",\"target\":[\"https:\/\/casadevilanova.com\/en\/wines\/levity-en\/levity-douro-red\/\"]}]},{\"@type\":\"BreadcrumbList\",\"@id\":\"https:\/\/casadevilanova.com\/en\/wines\/levity-en\/levity-douro-red\/#breadcrumb\",\"itemListElement\":[{\"@type\":\"ListItem\",\"position\":1,\"name\":\"In\u00edcio\",\"item\":\"https:\/\/casadevilanova.com\/en\/\"},{\"@type\":\"ListItem\",\"position\":2,\"name\":\"Wines\",\"item\":\"https:\/\/casadevilanova.com\/en\/wines\/\"},{\"@type\":\"ListItem\",\"position\":3,\"name\":\"Levity Douro Red\"}]},{\"@type\":\"WebSite\",\"@id\":\"https:\/\/casadevilanova.com\/en\/#website\",\"url\":\"https:\/\/casadevilanova.com\/en\/\",\"name\":\"Casa de Vila Nova - Vinhos Verdes - Desde 1688\",\"description\":\"\",\"publisher\":{\"@id\":\"https:\/\/casadevilanova.com\/en\/#organization\"},\"potentialAction\":[{\"@type\":\"SearchAction\",\"target\":{\"@type\":\"EntryPoint\",\"urlTemplate\":\"https:\/\/casadevilanova.com\/en\/?s={search_term_string}\"},\"query-input\":\"required name=search_term_string\"}],\"inLanguage\":\"en-US\"},{\"@type\":\"Organization\",\"@id\":\"https:\/\/casadevilanova.com\/en\/#organization\",\"name\":\"Casa de Vila Nova - Vinhos Verdes - Desde 1688\",\"url\":\"https:\/\/casadevilanova.com\/en\/\",\"logo\":{\"@type\":\"ImageObject\",\"inLanguage\":\"en-US\",\"@id\":\"https:\/\/casadevilanova.com\/en\/#\/schema\/logo\/image\/\",\"url\":\"https:\/\/casadevilanova.com\/wp-content\/uploads\/2020\/10\/logo.svg\",\"contentUrl\":\"https:\/\/casadevilanova.com\/wp-content\/uploads\/2020\/10\/logo.svg\",\"width\":1000,\"height\":627,\"caption\":\"Casa de Vila Nova - Vinhos Verdes - Desde 1688\"},\"image\":{\"@id\":\"https:\/\/casadevilanova.com\/en\/#\/schema\/logo\/image\/\"},\"sameAs\":[\"https:\/\/www.facebook.com\/vilanovawines\",\"https:\/\/www.instagram.com\/vilanovawines\/\",\"https:\/\/www.linkedin.com\/company\/casa-de-vila-nova\/\"]}]}<\/script>\n<!-- \/ Yoast SEO plugin. -->","yoast_head_json":{"title":"Levity Douro Red - Casa de Vila Nova - Vinhos Verdes - Desde 1688","robots":{"index":"noindex","follow":"follow","max-snippet":"max-snippet:-1","max-image-preview":"max-image-preview:large","max-video-preview":"max-video-preview:-1"},"og_locale":"en_US","og_type":"article","og_title":"Levity Douro Red - Casa de Vila Nova - Vinhos Verdes - Desde 1688","og_description":"Classifica\u00e7\u00e3o Douro DOC Castas Touriga Nacional, Tinta Roriz e Touriga Franca \u00c1lcool 12,5% Notas de prova Cor rosada. Apresenta aroma de frutos vermelhos. Na boca \u00e9 jovem, fresco, equilibrado e persistente. Temperatura de servi\u00e7o 14\u00baC-16\u00baC Gastronomia FALTA","og_url":"https:\/\/casadevilanova.com\/en\/wines\/levity-en\/levity-douro-red\/","og_site_name":"Casa de Vila Nova - Vinhos Verdes - Desde 1688","article_publisher":"https:\/\/www.facebook.com\/vilanovawines","og_image":[{"width":1200,"height":1200,"url":"https:\/\/casadevilanova.com\/wp-content\/uploads\/2023\/10\/levity-tinto.webp","type":"image\/webp"}],"twitter_card":"summary_large_image","schema":{"@context":"https:\/\/schema.org","@graph":[{"@type":"WebPage","@id":"https:\/\/casadevilanova.com\/en\/wines\/levity-en\/levity-douro-red\/","url":"https:\/\/casadevilanova.com\/en\/wines\/levity-en\/levity-douro-red\/","name":"Levity Douro Red - Casa de Vila Nova - Vinhos Verdes - Desde 1688","isPartOf":{"@id":"https:\/\/casadevilanova.com\/en\/#website"},"datePublished":"2023-10-09T15:05:04+00:00","dateModified":"2023-10-09T15:05:04+00:00","breadcrumb":{"@id":"https:\/\/casadevilanova.com\/en\/wines\/levity-en\/levity-douro-red\/#breadcrumb"},"inLanguage":"en-US","potentialAction":[{"@type":"ReadAction","target":["https:\/\/casadevilanova.com\/en\/wines\/levity-en\/levity-douro-red\/"]}]},{"@type":"BreadcrumbList","@id":"https:\/\/casadevilanova.com\/en\/wines\/levity-en\/levity-douro-red\/#breadcrumb","itemListElement":[{"@type":"ListItem","position":1,"name":"In\u00edcio","item":"https:\/\/casadevilanova.com\/en\/"},{"@type":"ListItem","position":2,"name":"Wines","item":"https:\/\/casadevilanova.com\/en\/wines\/"},{"@type":"ListItem","position":3,"name":"Levity Douro Red"}]},{"@type":"WebSite","@id":"https:\/\/casadevilanova.com\/en\/#website","url":"https:\/\/casadevilanova.com\/en\/","name":"Casa de Vila Nova - Vinhos Verdes - Desde 1688","description":"","publisher":{"@id":"https:\/\/casadevilanova.com\/en\/#organization"},"potentialAction":[{"@type":"SearchAction","target":{"@type":"EntryPoint","urlTemplate":"https:\/\/casadevilanova.com\/en\/?s={search_term_string}"},"query-input":"required name=search_term_string"}],"inLanguage":"en-US"},{"@type":"Organization","@id":"https:\/\/casadevilanova.com\/en\/#organization","name":"Casa de Vila Nova - Vinhos Verdes - Desde 1688","url":"https:\/\/casadevilanova.com\/en\/","logo":{"@type":"ImageObject","inLanguage":"en-US","@id":"https:\/\/casadevilanova.com\/en\/#\/schema\/logo\/image\/","url":"https:\/\/casadevilanova.com\/wp-content\/uploads\/2020\/10\/logo.svg","contentUrl":"https:\/\/casadevilanova.com\/wp-content\/uploads\/2020\/10\/logo.svg","width":1000,"height":627,"caption":"Casa de Vila Nova - Vinhos Verdes - Desde 1688"},"image":{"@id":"https:\/\/casadevilanova.com\/en\/#\/schema\/logo\/image\/"},"sameAs":["https:\/\/www.facebook.com\/vilanovawines","https:\/\/www.instagram.com\/vilanovawines\/","https:\/\/www.linkedin.com\/company\/casa-de-vila-nova\/"]}]}},"_links":{"self":[{"href":"https:\/\/casadevilanova.com\/en\/wp-json\/wp\/v2\/product\/1029"}],"collection":[{"href":"https:\/\/casadevilanova.com\/en\/wp-json\/wp\/v2\/product"}],"about":[{"href":"https:\/\/casadevilanova.com\/en\/wp-json\/wp\/v2\/types\/product"}],"replies":[{"embeddable":true,"href":"https:\/\/casadevilanova.com\/en\/wp-json\/wp\/v2\/comments?post=1029"}],"wp:featuredmedia":[{"embeddable":true,"href":"https:\/\/casadevilanova.com\/en\/wp-json\/wp\/v2\/media\/954"}],"wp:attachment":[{"href":"https:\/\/casadevilanova.com\/en\/wp-json\/wp\/v2\/media?parent=1029"}],"wp:term":[{"taxonomy":"product_cat","embeddable":true,"href":"https:\/\/casadevilanova.com\/en\/wp-json\/wp\/v2\/product_cat?post=1029"},{"taxonomy":"product_tag","embeddable":true,"href":"https:\/\/casadevilanova.com\/en\/wp-json\/wp\/v2\/product_tag?post=1029"}],"curies":[{"name":"wp","href":"https:\/\/api.w.org\/{rel}","templated":true}]}}